{"id":99,"date":"2025-04-02T13:43:02","date_gmt":"2025-04-02T13:43:02","guid":{"rendered":"https:\/\/asmlatam.com\/services\/"},"modified":"2025-07-31T18:36:22","modified_gmt":"2025-07-31T18:36:22","slug":"services","status":"publish","type":"page","link":"https:\/\/asmlatam.com\/es\/services\/","title":{"rendered":"Services"},"content":{"rendered":"<div class=\"wp-block-uagb-container uagb-block-a6a8e0d4 alignfull uagb-is-root-container\">\n<div class=\"wp-block-uagb-container uagb-block-41915a2b\">\n<div class=\"wp-block-uagb-advanced-heading uagb-block-a16b6668\"><p class=\"uagb-desc-text\">Nuestras soluciones<\/p><h1 class=\"uagb-heading-text\">Consultor\u00eda en gesti\u00f3n de activos y procesos<\/h1><\/div>\n<\/div>\n<\/div>\n\n\n\n<div class=\"wp-block-uagb-container uagb-block-e7ec6663 alignfull uagb-is-root-container\"><div class=\"uagb-container-inner-blocks-wrap\">\n<div class=\"wp-block-uagb-container uagb-block-081ab3e9\">\n<div class=\"wp-block-uagb-container uagb-block-c5c82fe1\">\n<div class=\"wp-block-uagb-advanced-heading uagb-block-a151ed46\"><h2 class=\"uagb-heading-text\">Gesti\u00f3n de activos<\/h2><p class=\"uagb-desc-text\">Ofrecemos consultor\u00eda especializada en gesti\u00f3n de activos, con enfoque en optimizar el rendimiento y reducir los costos operativos. Nuestro equipo t\u00e9cnico realiza diagn\u00f3sticos detallados para implementar mejoras personalizadas que garanticen la durabilidad y la eficiencia de cada activo.<\/p><\/div>\n\n\n\n<div class=\"wp-block-uagb-image aligncenter uagb-block-4e88f024 wp-block-uagb-image--layout-default wp-block-uagb-image--effect-static wp-block-uagb-image--align-center\"><figure class=\"wp-block-uagb-image__figure\"><img decoding=\"async\" srcset=\"https:\/\/asmlatam.com\/wp-content\/uploads\/2025\/04\/pexels-photo-9034760.jpeg ,https:\/\/asmlatam.com\/wp-content\/uploads\/2025\/04\/pexels-photo-9034760.jpeg 780w, https:\/\/asmlatam.com\/wp-content\/uploads\/2025\/04\/pexels-photo-9034760.jpeg 360w\" sizes=\"auto, (max-width: 480px) 150px\" src=\"https:\/\/asmlatam.com\/wp-content\/uploads\/2025\/04\/pexels-photo-9034760.jpeg\" alt=\"\" class=\"uag-image-27\" width=\"600\" height=\"300\" title=\"services-01\" loading=\"lazy\" role=\"img\"\/><\/figure><\/div>\n<\/div>\n\n\n\n<div class=\"wp-block-uagb-container uagb-block-25509c08\">\n<div class=\"wp-block-uagb-advanced-heading uagb-block-bf8f4ee7\"><h2 class=\"uagb-heading-text\">Procesos<\/h2><p class=\"uagb-desc-text\">Nuestro equipo ofrece consultor\u00eda y soporte t\u00e9cnico para definir procesos. Con an\u00e1lisis precisos y sugerencias de mejora, ayudamos a las empresas a maximizar el rendimiento y prolongar la vida \u00fatil de sus activos, lo que se traduce en ahorros significativos.<\/p><\/div>\n\n\n\n<div class=\"wp-block-uagb-image aligncenter uagb-block-ccaae510 wp-block-uagb-image--layout-default wp-block-uagb-image--effect-static wp-block-uagb-image--align-center\"><figure class=\"wp-block-uagb-image__figure\"><img decoding=\"async\" srcset=\"https:\/\/asmlatam.com\/wp-content\/uploads\/2025\/04\/pexels-photo-7876706-1024x682.jpeg ,https:\/\/asmlatam.com\/wp-content\/uploads\/2025\/04\/pexels-photo-7876706.jpeg 780w, https:\/\/asmlatam.com\/wp-content\/uploads\/2025\/04\/pexels-photo-7876706.jpeg 360w\" sizes=\"auto, (max-width: 480px) 150px\" src=\"https:\/\/asmlatam.com\/wp-content\/uploads\/2025\/04\/pexels-photo-7876706-1024x682.jpeg\" alt=\"\" class=\"uag-image-19\" width=\"600\" height=\"300\" title=\"\" loading=\"lazy\" role=\"presentation\"\/><\/figure><\/div>\n<\/div>\n<\/div>\n\n\n\n<div class=\"wp-block-uagb-container uagb-block-2b4b3343\">\n<div class=\"wp-block-uagb-container uagb-block-cb5e2fe1\">\n<div class=\"wp-block-uagb-advanced-heading uagb-block-2536092e\"><h2 class=\"uagb-heading-text\">Formaci\u00f3n y cualificaci\u00f3n<\/h2><p class=\"uagb-desc-text\">Ofrecemos capacitaci\u00f3n especializada para equipos de trabajo, con enfoque en las mejores pr\u00e1cticas en gesti\u00f3n de activos. Nuestros programas buscan empoderar a los empleados, aumentando la eficiencia y la seguridad, adem\u00e1s de promover una cultura organizacional centrada en la excelencia en la gesti\u00f3n de activos corporativos.<\/p><\/div>\n\n\n\n<div class=\"wp-block-uagb-image aligncenter uagb-block-784543d1 wp-block-uagb-image--layout-default wp-block-uagb-image--effect-static wp-block-uagb-image--align-center\"><figure class=\"wp-block-uagb-image__figure\"><img decoding=\"async\" srcset=\"https:\/\/asmlatam.com\/wp-content\/uploads\/2025\/05\/pexels-photo-2678468-2678468-1024x768.jpg ,https:\/\/asmlatam.com\/wp-content\/uploads\/2025\/05\/pexels-photo-2678468-2678468-scaled.jpg 780w, https:\/\/asmlatam.com\/wp-content\/uploads\/2025\/05\/pexels-photo-2678468-2678468-scaled.jpg 360w\" sizes=\"auto, (max-width: 480px) 150px\" src=\"https:\/\/asmlatam.com\/wp-content\/uploads\/2025\/05\/pexels-photo-2678468-2678468-1024x768.jpg\" alt=\"Diverse team collaborating in a modern office setting with laptops and presentation screen.\" class=\"uag-image-265\" width=\"600\" height=\"300\" title=\"pexels-photo-2678468-2678468\" loading=\"lazy\" role=\"img\"\/><\/figure><\/div>\n<\/div>\n<\/div>\n<\/div><\/div>\n\n\n\n<div class=\"wp-block-uagb-container uagb-block-a44e806f alignfull uagb-is-root-container\"><div class=\"uagb-container-inner-blocks-wrap\">\n<div class=\"wp-block-uagb-container uagb-block-942920e8\">\n<div class=\"wp-block-uagb-info-box uagb-block-8efa70de uagb-infobox__content-wrap  uagb-infobox-icon-above-title uagb-infobox-image-valign-top\"><div class=\"uagb-ifb-content\"><div class=\"uagb-ifb-title-wrap\"><span class=\"uagb-ifb-title-prefix\">Hable con nosotros<\/span><h2 class=\"uagb-ifb-title\">\u00a1P\u00f3ngase en contacto y descubra c\u00f3mo podemos ayudarle!<\/h2><\/div><p class=\"uagb-ifb-desc\">Complete el formulario y reciba una consultor\u00eda personalizada para su empresa.<\/p><div class=\"uagb-ifb-button-wrapper wp-block-button\"><a href=\"\/es\/contact\/\" class=\"uagb-infobox-cta-link wp-block-button__link\" target=\"_self\" rel=\"noopener noreferrer\" onclick=\"return true;\"><span class=\"uagb-inline-editing\">M\u00e1s informaci\u00f3n<\/span><\/a><\/div><\/div><\/div>\n<\/div>\n<\/div><\/div>","protected":false},"excerpt":{"rendered":"<p>Nossas solu\u00e7\u00f5es Consultoria em gest\u00e3o de ativos e processos Gest\u00e3o de ativos Oferecemos consultoria especializada em gerenciamento de ativos, focando [&hellip;]<\/p>\n","protected":false},"author":1,"featured_media":0,"parent":0,"menu_order":0,"comment_status":"closed","ping_status":"closed","template":"","meta":{"_uag_custom_page_level_css":"","site-sidebar-layout":"default","site-content-layout":"","ast-site-content-layout":"default","site-content-style":"default","site-sidebar-style":"default","ast-global-header-display":"","ast-banner-title-visibility":"","ast-main-header-display":"","ast-hfb-above-header-display":"","ast-hfb-below-header-display":"","ast-hfb-mobile-header-display":"","site-post-title":"disabled","ast-breadcrumbs-content":"","ast-featured-img":"","footer-sml-layout":"","ast-disable-related-posts":"","theme-transparent-header-meta":"","adv-header-id-meta":"","stick-header-meta":"","header-above-stick-meta":"","header-main-stick-meta":"","header-below-stick-meta":"","astra-migrate-meta-layouts":"default","ast-page-background-enabled":"default","ast-page-background-meta":{"desktop":{"background-color":"var(--ast-global-color-4)","background-image":"","background-repeat":"repeat","background-position":"center center","background-size":"auto","background-attachment":"scroll","background-type":"","background-media":"","overlay-type":"","overlay-color":"","overlay-opacity":"","overlay-gradient":""},"tablet":{"background-color":"","background-image":"","background-repeat":"repeat","background-position":"center center","background-size":"auto","background-attachment":"scroll","background-type":"","background-media":"","overlay-type":"","overlay-color":"","overlay-opacity":"","overlay-gradient":""},"mobile":{"background-color":"","background-image":"","background-repeat":"repeat","background-position":"center center","background-size":"auto","background-attachment":"scroll","background-type":"","background-media":"","overlay-type":"","overlay-color":"","overlay-opacity":"","overlay-gradient":""}},"ast-content-background-meta":{"desktop":{"background-color":"var(--ast-global-color-5)","background-image":"","background-repeat":"repeat","background-position":"center center","background-size":"auto","background-attachment":"scroll","background-type":"","background-media":"","overlay-type":"","overlay-color":"","overlay-opacity":"","overlay-gradient":""},"tablet":{"background-color":"var(--ast-global-color-5)","background-image":"","background-repeat":"repeat","background-position":"center center","background-size":"auto","background-attachment":"scroll","background-type":"","background-media":"","overlay-type":"","overlay-color":"","overlay-opacity":"","overlay-gradient":""},"mobile":{"background-color":"var(--ast-global-color-5)","background-image":"","background-repeat":"repeat","background-position":"center center","background-size":"auto","background-attachment":"scroll","background-type":"","background-media":"","overlay-type":"","overlay-color":"","overlay-opacity":"","overlay-gradient":""}},"footnotes":""},"class_list":["post-99","page","type-page","status-publish","hentry"],"uagb_featured_image_src":{"full":false,"thumbnail":false,"medium":false,"medium_large":false,"large":false,"1536x1536":false,"2048x2048":false,"trp-custom-language-flag":false},"uagb_author_info":{"display_name":"pfagnani","author_link":"https:\/\/asmlatam.com\/es\/author\/pfagnani\/"},"uagb_comment_info":0,"uagb_excerpt":"Nossas solu\u00e7\u00f5es Consultoria em gest\u00e3o de ativos e processos Gest\u00e3o de ativos Oferecemos consultoria especializada em gerenciamento de ativos, focando [&hellip;]","_links":{"self":[{"href":"https:\/\/asmlatam.com\/es\/wp-json\/wp\/v2\/pages\/99","targetHints":{"allow":["GET"]}}],"collection":[{"href":"https:\/\/asmlatam.com\/es\/wp-json\/wp\/v2\/pages"}],"about":[{"href":"https:\/\/asmlatam.com\/es\/wp-json\/wp\/v2\/types\/page"}],"author":[{"embeddable":true,"href":"https:\/\/asmlatam.com\/es\/wp-json\/wp\/v2\/users\/1"}],"replies":[{"embeddable":true,"href":"https:\/\/asmlatam.com\/es\/wp-json\/wp\/v2\/comments?post=99"}],"version-history":[{"count":7,"href":"https:\/\/asmlatam.com\/es\/wp-json\/wp\/v2\/pages\/99\/revisions"}],"predecessor-version":[{"id":348,"href":"https:\/\/asmlatam.com\/es\/wp-json\/wp\/v2\/pages\/99\/revisions\/348"}],"wp:attachment":[{"href":"https:\/\/asmlatam.com\/es\/wp-json\/wp\/v2\/media?parent=99"}],"curies":[{"name":"wp","href":"https:\/\/api.w.org\/{rel}","templated":true}]}}