{"id":97,"date":"2025-04-02T13:43:01","date_gmt":"2025-04-02T13:43:01","guid":{"rendered":"https:\/\/asmlatam.com\/home\/"},"modified":"2025-07-31T18:38:35","modified_gmt":"2025-07-31T18:38:35","slug":"home","status":"publish","type":"page","link":"https:\/\/asmlatam.com\/es\/","title":{"rendered":"Home"},"content":{"rendered":"<div class=\"wp-block-uagb-container uagb-block-a6a8e0d4 alignfull uagb-is-root-container\">\n<div class=\"wp-block-uagb-container uagb-block-41915a2b\">\n<div class=\"wp-block-uagb-info-box uagb-block-5f85bf5b uagb-infobox__content-wrap  uagb-infobox-icon-above-title uagb-infobox-image-valign-top\"><div class=\"uagb-ifb-content\"><div class=\"uagb-ifb-title-wrap\"><span class=\"uagb-ifb-title-prefix\">Soluciones eficientes<\/span><h1 class=\"uagb-ifb-title\">Gesti\u00f3n de activos empresariales en Am\u00e9rica Latina<\/h1><\/div><p class=\"uagb-ifb-desc\">Optimizamos los procesos de gesti\u00f3n de activos para que su negocio logre estabilidad y eficiencia.<\/p><div class=\"uagb-ifb-button-wrapper wp-block-button\"><a href=\"\/es\/contact\/\" class=\"uagb-infobox-cta-link wp-block-button__link\" target=\"_self\" rel=\"noopener noreferrer\" onclick=\"return true;\"><span class=\"uagb-inline-editing\">M\u00e1s informaci\u00f3n<\/span><\/a><\/div><\/div><\/div>\n<\/div>\n<\/div>\n\n\n\n<div class=\"wp-block-uagb-container uagb-layout-grid uagb-block-3223b91b alignfull uagb-is-root-container\"><div class=\"uagb-container-inner-blocks-wrap\">\n<div class=\"wp-block-uagb-container uagb-block-28623a05\">\n<div class=\"wp-block-uagb-image alignright uagb-block-7a3d3d1d wp-block-uagb-image--layout-default wp-block-uagb-image--effect-static wp-block-uagb-image--align-right\"><figure class=\"wp-block-uagb-image__figure\"><img decoding=\"async\" srcset=\"https:\/\/asmlatam.com\/wp-content\/uploads\/2025\/04\/pexels-photo-4342124.jpeg ,https:\/\/asmlatam.com\/wp-content\/uploads\/2025\/04\/pexels-photo-4342124.jpeg 780w, https:\/\/asmlatam.com\/wp-content\/uploads\/2025\/04\/pexels-photo-4342124.jpeg 360w\" sizes=\"auto, (max-width: 480px) 150px\" src=\"https:\/\/asmlatam.com\/wp-content\/uploads\/2025\/04\/pexels-photo-4342124.jpeg\" alt=\"\" class=\"uag-image-18\" width=\"230\" height=\"440\" title=\"story-01\" loading=\"lazy\" role=\"img\"\/><\/figure><\/div>\n\n\n\n<div class=\"wp-block-uagb-image alignleft uagb-block-ef0de120 wp-block-uagb-image--layout-default wp-block-uagb-image--effect-static wp-block-uagb-image--align-left\"><figure class=\"wp-block-uagb-image__figure\"><img decoding=\"async\" srcset=\"https:\/\/asmlatam.com\/wp-content\/uploads\/2025\/04\/pexels-photo-7876706.jpeg ,https:\/\/asmlatam.com\/wp-content\/uploads\/2025\/04\/pexels-photo-7876706.jpeg 780w, https:\/\/asmlatam.com\/wp-content\/uploads\/2025\/04\/pexels-photo-7876706.jpeg 360w\" sizes=\"auto, (max-width: 480px) 150px\" src=\"https:\/\/asmlatam.com\/wp-content\/uploads\/2025\/04\/pexels-photo-7876706.jpeg\" alt=\"\" class=\"uag-image-19\" width=\"230\" height=\"440\" title=\"story-02\" loading=\"lazy\" role=\"img\"\/><\/figure><\/div>\n<\/div>\n\n\n\n<div class=\"wp-block-uagb-info-box uagb-block-fd17db92 uagb-infobox__content-wrap  uagb-infobox-icon-above-title uagb-infobox-image-valign-top\"><div class=\"uagb-ifb-content\"><div class=\"uagb-ifb-title-wrap\"><span class=\"uagb-ifb-title-prefix\">Conozca ASM Latam<\/span><h2 class=\"uagb-ifb-title\">La historia de ASM Latam y su trayectoria de \u00e9xito<\/h2><\/div><p class=\"uagb-ifb-desc\">ASM Latam es una consultora reconocida por su experiencia en la gesti\u00f3n de activos, ofreciendo soluciones personalizadas que responden a las verdaderas necesidades del mercado latinoamericano<\/p><div class=\"uagb-ifb-button-wrapper wp-block-button\"><a href=\"\/es\/about\/\" class=\"uagb-infobox-cta-link wp-block-button__link\" target=\"_self\" rel=\"noopener noreferrer\" onclick=\"return true;\"><span class=\"uagb-inline-editing\">Leer m\u00e1s<\/span><\/a><\/div><\/div><\/div>\n<\/div><\/div>\n\n\n\n<div class=\"wp-block-uagb-container uagb-block-fc1a1914 alignfull uagb-is-root-container\"><div class=\"uagb-container-inner-blocks-wrap\">\n<div class=\"wp-block-uagb-advanced-heading uagb-block-fc542039\"><p class=\"uagb-desc-text\">Nuestros servicios<\/p><h2 class=\"uagb-heading-text\">Servicios especializados en gesti\u00f3n de activos<\/h2><\/div>\n\n\n\n<div class=\"wp-block-uagb-container uagb-block-081ab3e9\">\n<div class=\"wp-block-uagb-container uagb-block-c5c82fe1\">\n<div class=\"wp-block-uagb-info-box uagb-block-93904275 uagb-infobox__content-wrap  uagb-infobox-icon-above-title uagb-infobox-image-valign-top wp-block-uagb-info-box--has-margin\"><div class=\"uagb-infobox-margin-wrapper\"><div class=\"uagb-ifb-content\"><div class=\"uagb-ifb-title-wrap\"><h3 class=\"uagb-ifb-title\">Gesti\u00f3n de activos<\/h3><\/div><p class=\"uagb-ifb-desc\">Asistencia en la gesti\u00f3n de activos para lograr un mejor rendimiento de su empresa.<\/p><div class=\"uagb-ifb-button-wrapper wp-block-button\"><a href=\"\/es\/services\/\" target=\"_self\" onclick=\"return true;\" class=\"uagb-infobox-cta-link\" rel=\"noopener noreferrer\"><span class=\"uagb-inline-editing\">Leer m\u00e1s<\/span><\/a><\/div><\/div><\/div><\/div>\n\n\n\n<div data-aos= \"fade-up\" data-aos-duration=\"400\" data-aos-delay=\"0\" data-aos-easing=\"ease\" data-aos-once=\"true\" class=\"wp-block-uagb-image aligncenter uagb-block-4e88f024 wp-block-uagb-image--layout-default wp-block-uagb-image--effect-static wp-block-uagb-image--align-center\"><figure class=\"wp-block-uagb-image__figure\"><img decoding=\"async\" srcset=\"https:\/\/asmlatam.com\/wp-content\/uploads\/2025\/04\/pexels-photo-4481260.jpeg ,https:\/\/asmlatam.com\/wp-content\/uploads\/2025\/04\/pexels-photo-4481260.jpeg 780w, https:\/\/asmlatam.com\/wp-content\/uploads\/2025\/04\/pexels-photo-4481260.jpeg 360w\" sizes=\"auto, (max-width: 480px) 150px\" src=\"https:\/\/asmlatam.com\/wp-content\/uploads\/2025\/04\/pexels-photo-4481260.jpeg\" alt=\"\" class=\"uag-image-20\" width=\"600\" height=\"300\" title=\"services-01\" loading=\"lazy\" role=\"img\"\/><\/figure><\/div>\n<\/div>\n\n\n\n<div class=\"wp-block-uagb-container uagb-block-25509c08\">\n<div class=\"wp-block-uagb-info-box uagb-block-420df1c8 uagb-infobox__content-wrap  uagb-infobox-icon-above-title uagb-infobox-image-valign-top wp-block-uagb-info-box--has-margin\"><div class=\"uagb-infobox-margin-wrapper\"><div class=\"uagb-ifb-content\"><div class=\"uagb-ifb-title-wrap\"><h3 class=\"uagb-ifb-title\">Procesos<\/h3><\/div><p class=\"uagb-ifb-desc\">Servicios para maximizar el rendimiento y apoyar en los procesos de mantenimiento.<\/p><div class=\"uagb-ifb-button-wrapper wp-block-button\"><a href=\"\/es\/services\/\" target=\"_self\" onclick=\"return true;\" class=\"uagb-infobox-cta-link\" rel=\"noopener noreferrer\"><span class=\"uagb-inline-editing\">Leer m\u00e1s<\/span><\/a><\/div><\/div><\/div><\/div>\n\n\n\n<div data-aos= \"fade-up\" data-aos-duration=\"400\" data-aos-delay=\"0\" data-aos-easing=\"ease\" data-aos-once=\"true\" class=\"wp-block-uagb-image aligncenter uagb-block-ccaae510 wp-block-uagb-image--layout-default wp-block-uagb-image--effect-static wp-block-uagb-image--align-center\"><figure class=\"wp-block-uagb-image__figure\"><img decoding=\"async\" srcset=\"https:\/\/asmlatam.com\/wp-content\/uploads\/2025\/04\/pexels-photo-1108101.jpeg ,https:\/\/asmlatam.com\/wp-content\/uploads\/2025\/04\/pexels-photo-1108101.jpeg 780w, https:\/\/asmlatam.com\/wp-content\/uploads\/2025\/04\/pexels-photo-1108101.jpeg 360w\" sizes=\"auto, (max-width: 480px) 150px\" src=\"https:\/\/asmlatam.com\/wp-content\/uploads\/2025\/04\/pexels-photo-1108101.jpeg\" alt=\"\" class=\"uag-image-21\" width=\"600\" height=\"300\" title=\"services-05\" loading=\"lazy\" role=\"img\"\/><\/figure><\/div>\n<\/div>\n<\/div>\n<\/div><\/div>\n\n\n\n<div class=\"wp-block-uagb-container uagb-block-56ced4a1 alignfull uagb-is-root-container\"><div class=\"uagb-container-inner-blocks-wrap\">\n<div class=\"wp-block-uagb-info-box uagb-block-63acebdb uagb-infobox__content-wrap  uagb-infobox-icon-above-title uagb-infobox-image-valign-top\"><div class=\"uagb-ifb-content\"><div class=\"uagb-ifb-title-wrap\"><span class=\"uagb-ifb-title-prefix\">C\u00f3mo funciona<\/span><h2 class=\"uagb-ifb-title\">Conozca nuestro proceso de trabajo<\/h2><\/div><p class=\"uagb-ifb-desc\">Soluciones estrat\u00e9gicas para su empresa<\/p><\/div><\/div>\n\n\n\n<div class=\"wp-block-uagb-container uagb-block-17a71973\">\n<div class=\"wp-block-uagb-advanced-heading uagb-block-df4a78a1\"><h3 class=\"uagb-heading-text\">An\u00e1lisis<\/h3><p class=\"uagb-desc-text\">Realizamos un an\u00e1lisis detallado de sus necesidades y activos existentes.<\/p><\/div>\n\n\n\n<div class=\"wp-block-uagb-separator uagb-block-d7de01b9\"><div class=\"wp-block-uagb-separator__inner\" style=\"--my-background-image:\"><\/div><\/div>\n\n\n\n<div class=\"wp-block-uagb-advanced-heading uagb-block-1fcca3b1\"><h3 class=\"uagb-heading-text\">Planificaci\u00f3n<\/h3><p class=\"uagb-desc-text\">Creamos un plan de gesti\u00f3n eficaz y adaptado a las especificidades de su negocio.<\/p><\/div>\n\n\n\n<div class=\"wp-block-uagb-separator uagb-block-1fc26a97\"><div class=\"wp-block-uagb-separator__inner\" style=\"--my-background-image:\"><\/div><\/div>\n\n\n\n<div class=\"wp-block-uagb-advanced-heading uagb-block-52ae06fb\"><h3 class=\"uagb-heading-text\">Implementaci\u00f3n<\/h3><p class=\"uagb-desc-text\">Ejecutamos nuestro plan garantizando calidad y resultados a largo plazo.<\/p><\/div>\n<\/div>\n<\/div><\/div>\n\n\n\n<div class=\"wp-block-uagb-container uagb-block-950f94b6 alignfull uagb-is-root-container\"><div class=\"uagb-container-inner-blocks-wrap\">\n<div class=\"wp-block-uagb-container uag-blocks-common-selector uagb-layout-grid uagb-block-fc46736b\">\n<div class=\"wp-block-uagb-advanced-heading uagb-block-709fcad4\"><h2 class=\"uagb-heading-text\">\u00a1Transforme la gesti\u00f3n de sus activos hoy mismo!<\/h2><\/div>\n\n\n\n<div class=\"wp-block-uagb-buttons uagb-buttons__outer-wrap uagb-btn__default-btn uagb-btn-tablet__default-btn uagb-btn-mobile__default-btn uagb-block-483668c5\"><div class=\"uagb-buttons__wrap uagb-buttons-layout-wrap\">\n<div class=\"wp-block-uagb-buttons-child uagb-buttons__outer-wrap uagb-block-d8363fe3 wp-block-button\"><div class=\"uagb-button__wrapper\"><a class=\"uagb-buttons-repeater wp-block-button__link\" aria-label=\"\" href=\"#\" rel=\"follow noopener\" target=\"_self\" role=\"button\"><div class=\"uagb-button__link\">Click Here<\/div><\/a><\/div><\/div>\n<\/div><\/div>\n<\/div>\n\n\n\n<div class=\"wp-block-uagb-advanced-heading uagb-block-8ee224dd\"><p class=\"uagb-desc-text\">Diferenciales de ASM<\/p><h2 class=\"uagb-heading-text\">Lo que nos hace \u00fanicos<\/h2><\/div>\n\n\n\n<div class=\"wp-block-uagb-container uagb-block-828e64be\">\n<div class=\"wp-block-uagb-container uagb-block-39559f3c\">\n<div class=\"wp-block-uagb-advanced-heading uagb-block-c6839492\"><h3 class=\"uagb-heading-text\">Experiencia sectorial<\/h3><p class=\"uagb-desc-text\">Contamos con un equipo altamente calificado, especializado en gesti\u00f3n de activos empresariales y con fuerte presencia en el mercado latinoamericano.<\/p><\/div>\n<\/div>\n\n\n\n<div class=\"wp-block-uagb-container uagb-block-62bb75ca\">\n<div class=\"wp-block-uagb-advanced-heading uagb-block-6ded3d21\"><h3 class=\"uagb-heading-text\">Soluciones personalizadas<\/h3><p class=\"uagb-desc-text\">Desarrollamos estrategias espec\u00edficas, adaptadas a las necesidades \u00fanicas de cada cliente, garantizando eficiencia y resultados.<\/p><\/div>\n<\/div>\n\n\n\n<div class=\"wp-block-uagb-container uagb-block-aa708dbd\">\n<div class=\"wp-block-uagb-advanced-heading uagb-block-678523aa\"><h3 class=\"uagb-heading-text\">Compromiso con la calidad<\/h3><p class=\"uagb-desc-text\">Nuestro enfoque constante en la calidad asegura pr\u00e1cticas innovadoras y soluciones eficaces para los desaf\u00edos de los clientes.<\/p><\/div>\n<\/div>\n<\/div>\n<\/div><\/div>\n\n\n\n<div class=\"wp-block-uagb-container uagb-block-a44e806f alignfull uagb-is-root-container\"><div class=\"uagb-container-inner-blocks-wrap\">\n<div class=\"wp-block-uagb-container uagb-block-942920e8\">\n<div class=\"wp-block-uagb-info-box uagb-block-8efa70de uagb-infobox__content-wrap  uagb-infobox-icon-above-title uagb-infobox-image-valign-top\"><div class=\"uagb-ifb-content\"><div class=\"uagb-ifb-title-wrap\"><span class=\"uagb-ifb-title-prefix\">Hable con nosotros<\/span><h2 class=\"uagb-ifb-title\">\u00a1P\u00f3ngase en contacto y descubra c\u00f3mo podemos ayudarle!<\/h2><\/div><p class=\"uagb-ifb-desc\">Complete el formulario y reciba una consultor\u00eda personalizada para su empresa.<\/p><div class=\"uagb-ifb-button-wrapper wp-block-button\"><a href=\"\/es\/contact\/\" class=\"uagb-infobox-cta-link wp-block-button__link\" target=\"_self\" rel=\"noopener noreferrer\" onclick=\"return true;\"><span class=\"uagb-inline-editing\">M\u00e1s informaci\u00f3n<\/span><\/a><\/div><\/div><\/div>\n<\/div>\n<\/div><\/div>","protected":false},"excerpt":{"rendered":"<p>Nossos servi\u00e7os Servi\u00e7os especializados de gest\u00e3o de ativos An\u00e1lise Realizamos uma an\u00e1lise detalhada das suas necessidades e ativos existentes. Planejamento [&hellip;]<\/p>\n","protected":false},"author":1,"featured_media":0,"parent":0,"menu_order":0,"comment_status":"closed","ping_status":"closed","template":"","meta":{"_uag_custom_page_level_css":"","site-sidebar-layout":"default","site-content-layout":"","ast-site-content-layout":"default","site-content-style":"default","site-sidebar-style":"default","ast-global-header-display":"","ast-banner-title-visibility":"","ast-main-header-display":"","ast-hfb-above-header-display":"","ast-hfb-below-header-display":"","ast-hfb-mobile-header-display":"","site-post-title":"disabled","ast-breadcrumbs-content":"","ast-featured-img":"","footer-sml-layout":"","ast-disable-related-posts":"","theme-transparent-header-meta":"","adv-header-id-meta":"","stick-header-meta":"","header-above-stick-meta":"","header-main-stick-meta":"","header-below-stick-meta":"","astra-migrate-meta-layouts":"default","ast-page-background-enabled":"default","ast-page-background-meta":{"desktop":{"background-color":"var(--ast-global-color-4)","background-image":"","background-repeat":"repeat","background-position":"center center","background-size":"auto","background-attachment":"scroll","background-type":"","background-media":"","overlay-type":"","overlay-color":"","overlay-opacity":"","overlay-gradient":""},"tablet":{"background-color":"","background-image":"","background-repeat":"repeat","background-position":"center center","background-size":"auto","background-attachment":"scroll","background-type":"","background-media":"","overlay-type":"","overlay-color":"","overlay-opacity":"","overlay-gradient":""},"mobile":{"background-color":"","background-image":"","background-repeat":"repeat","background-position":"center center","background-size":"auto","background-attachment":"scroll","background-type":"","background-media":"","overlay-type":"","overlay-color":"","overlay-opacity":"","overlay-gradient":""}},"ast-content-background-meta":{"desktop":{"background-color":"var(--ast-global-color-5)","background-image":"","background-repeat":"repeat","background-position":"center center","background-size":"auto","background-attachment":"scroll","background-type":"","background-media":"","overlay-type":"","overlay-color":"","overlay-opacity":"","overlay-gradient":""},"tablet":{"background-color":"var(--ast-global-color-5)","background-image":"","background-repeat":"repeat","background-position":"center center","background-size":"auto","background-attachment":"scroll","background-type":"","background-media":"","overlay-type":"","overlay-color":"","overlay-opacity":"","overlay-gradient":""},"mobile":{"background-color":"var(--ast-global-color-5)","background-image":"","background-repeat":"repeat","background-position":"center center","background-size":"auto","background-attachment":"scroll","background-type":"","background-media":"","overlay-type":"","overlay-color":"","overlay-opacity":"","overlay-gradient":""}},"footnotes":""},"class_list":["post-97","page","type-page","status-publish","hentry"],"uagb_featured_image_src":{"full":false,"thumbnail":false,"medium":false,"medium_large":false,"large":false,"1536x1536":false,"2048x2048":false,"trp-custom-language-flag":false},"uagb_author_info":{"display_name":"pfagnani","author_link":"https:\/\/asmlatam.com\/es\/author\/pfagnani\/"},"uagb_comment_info":0,"uagb_excerpt":"Nossos servi\u00e7os Servi\u00e7os especializados de gest\u00e3o de ativos An\u00e1lise Realizamos uma an\u00e1lise detalhada das suas necessidades e ativos existentes. Planejamento [&hellip;]","_links":{"self":[{"href":"https:\/\/asmlatam.com\/es\/wp-json\/wp\/v2\/pages\/97","targetHints":{"allow":["GET"]}}],"collection":[{"href":"https:\/\/asmlatam.com\/es\/wp-json\/wp\/v2\/pages"}],"about":[{"href":"https:\/\/asmlatam.com\/es\/wp-json\/wp\/v2\/types\/page"}],"author":[{"embeddable":true,"href":"https:\/\/asmlatam.com\/es\/wp-json\/wp\/v2\/users\/1"}],"replies":[{"embeddable":true,"href":"https:\/\/asmlatam.com\/es\/wp-json\/wp\/v2\/comments?post=97"}],"version-history":[{"count":17,"href":"https:\/\/asmlatam.com\/es\/wp-json\/wp\/v2\/pages\/97\/revisions"}],"predecessor-version":[{"id":349,"href":"https:\/\/asmlatam.com\/es\/wp-json\/wp\/v2\/pages\/97\/revisions\/349"}],"wp:attachment":[{"href":"https:\/\/asmlatam.com\/es\/wp-json\/wp\/v2\/media?parent=97"}],"curies":[{"name":"wp","href":"https:\/\/api.w.org\/{rel}","templated":true}]}}